{"id":980,"date":"2015-11-14T10:59:24","date_gmt":"2015-11-14T10:59:24","guid":{"rendered":"http:\/\/marcelakrotsch.apps-1and1.net\/?page_id=9"},"modified":"2023-10-10T08:46:05","modified_gmt":"2023-10-10T08:46:05","slug":"about-me","status":"publish","type":"page","link":"https:\/\/marcela-krotsch.de\/?page_id=980","title":{"rendered":"\u00dcber mich"},"content":{"rendered":"<p><div class=\"fusion-fullwidth fullwidth-box fusion-builder-row-1 nonhundred-percent-fullwidth non-hundred-percent-height-scrolling\" style=\"background-color: rgba(255,255,255,0);background-position: left top;background-repeat: no-repeat;padding-top:20px;padding-right:0px;padding-bottom:2.5%;padding-left:0px;margin-bottom: 0px;margin-top: 0px;border-width: 0px 0px 0px 0px;border-color:#eae9e9;border-style:solid;\" ><div class=\"fusion-builder-row fusion-row\"><div class=\"fusion-layout-column fusion_builder_column fusion-builder-column-0 fusion_builder_column_1_1 1_1 fusion-one-full fusion-column-first fusion-column-last\" style=\"margin-top:0px;margin-bottom:50px;\"><div class=\"fusion-column-wrapper fusion-flex-column-wrapper-legacy\" style=\"background-position:left top;background-repeat:no-repeat;-webkit-background-size:cover;-moz-background-size:cover;-o-background-size:cover;background-size:cover;padding: 0% 15% 0% 15%;\"><div class=\"fusion-text fusion-text-1\"><p style=\"text-align: left;\"><span style=\"color: #999999;\">Marcela&nbsp; Krotsch<\/span> &nbsp;<\/p>\n<p style=\"text-align: left;\">Marcela Krotsch geboren in S\u00fcdm\u00e4hren (Tschechien), entwickelte schon in fr\u00fchester Kindheit ihre Begeisterung f\u00fcr Malerei und Zeichnung. Bereits ab zehn Jahren besuchte sie eine Schule f\u00fcr bildende Kunst, 1988 &#8211; 1991. Wenig sp\u00e4ter macht sie Erfahrungen durch Austausch und Arbeit mit K\u00fcnstlern in deren Kunstateliers. Und so hat sie sich im laufe der Jahre autodidaktisch und in verschiedenen Weiterbildungen ihre eigenen Stile eigeeignet. Sie arbeitet spontan, frei.<br \/>\n1993 &#8211; 1997&nbsp; Schule mit Abschluss f\u00fcr das Gesundheitswesen. Mit besonderem Fokus auf das Wohlbefinden, hat sie viele Jahre damit verbracht, die verschiede Bereiche zu verstehen. Der Wert von Kunst und Kultur f\u00fcr die Gesundheit von Menschen, kann nicht hoch genug eingesch\u00e4tzt werden. Ein gezielter Einsatz vor allem von Kunst und k\u00fcnstlerischen Prozessen, ist eine optimale M\u00f6glichkeit, sich zu finden.<\/p>\n<p style=\"text-align: left;\">Ihre Ereignisse mit Menschen und aktuellen Brennpunkten der Gesellschaft pr\u00e4gt ihr Werk. W\u00e4hrend eines Aufenthaltes in Prag 2009 Auseinandersetzung mit Kunststilen. Ihre Arbeiten zeigen Menschen aus dem Leben, sind expressiv, figurativ. Seit 2010 verlagert sie den Schwerpunkt ihres Schaffens zunehmend auf die \u00d6lmalerei.&nbsp;<\/p>\n<p style=\"text-align: left;\">Nach Jahren als freie Malerin schloss sie eine private Berufsfachschule f\u00fcr bildende Kunst in M\u00fcnchen an.<br \/>\n2015 &#8211; 2017 Studienfach Malerei und Zeichnung.<br \/>\nBeteiligung an Gruppenausstellungen. Das Thema ist haupts\u00e4chlich das menschliche Wesen.&nbsp;<\/p>\n<p style=\"text-align: left;\">Sie lebt und arbeitet seit dem Jahr 2000 in M\u00fcnchen.<\/p>\n<\/div><div class=\"fusion-clearfix\"><\/div><\/div><\/div><div class=\"fusion-layout-column fusion_builder_column fusion-builder-column-1 fusion_builder_column_1_4 1_4 fusion-one-fourth fusion-column-first\" style=\"width:22%; margin-right: 4%;margin-top:0px;margin-bottom:50px;\"><div class=\"fusion-column-wrapper fusion-flex-column-wrapper-legacy\" style=\"background-position:left top;background-repeat:no-repeat;-webkit-background-size:cover;-moz-background-size:cover;-o-background-size:cover;background-size:cover;padding: 0% 15% 0% 15%;\"><div class=\"fusion-clearfix\"><\/div><\/div><\/div><div class=\"fusion-layout-column fusion_builder_column fusion-builder-column-2 fusion_builder_column_1_2 1_2 fusion-one-half\" style=\"width:48%; margin-right: 4%;margin-top:0px;margin-bottom:50px;\"><div class=\"fusion-column-wrapper fusion-flex-column-wrapper-legacy\" style=\"background-position:left top;background-repeat:no-repeat;-webkit-background-size:cover;-moz-background-size:cover;-o-background-size:cover;background-size:cover;padding: 0% 15% 0% 15%;\"><span class=\" fusion-imageframe imageframe-none imageframe-1 hover-type-none\"><img decoding=\"async\" width=\"1800\" height=\"2560\" src=\"https:\/\/marcela-krotsch.de\/wp-content\/uploads\/2022\/07\/Bild02-3-scaled.jpg\" class=\"img-responsive wp-image-4745\" srcset=\"https:\/\/marcela-krotsch.de\/wp-content\/uploads\/2022\/07\/Bild02-3-200x284.jpg 200w, https:\/\/marcela-krotsch.de\/wp-content\/uploads\/2022\/07\/Bild02-3-400x569.jpg 400w, https:\/\/marcela-krotsch.de\/wp-content\/uploads\/2022\/07\/Bild02-3-600x853.jpg 600w, https:\/\/marcela-krotsch.de\/wp-content\/uploads\/2022\/07\/Bild02-3-800x1138.jpg 800w, https:\/\/marcela-krotsch.de\/wp-content\/uploads\/2022\/07\/Bild02-3-1200x1707.jpg 1200w, https:\/\/marcela-krotsch.de\/wp-content\/uploads\/2022\/07\/Bild02-3-scaled.jpg 1800w\" sizes=\"(max-width: 800px) 100vw, 400px\" \/><\/span><div class=\"fusion-clearfix\"><\/div><\/div><\/div><div class=\"fusion-layout-column fusion_builder_column fusion-builder-column-3 fusion_builder_column_1_4 1_4 fusion-one-fourth fusion-column-last\" style=\"width:22%;margin-top:0px;margin-bottom:50px;\"><div class=\"fusion-column-wrapper fusion-flex-column-wrapper-legacy\" style=\"background-position:left top;background-repeat:no-repeat;-webkit-background-size:cover;-moz-background-size:cover;-o-background-size:cover;background-size:cover;padding: 0% 15% 0% 15%;\"><div class=\"fusion-clearfix\"><\/div><\/div><\/div><div class=\"fusion-layout-column fusion_builder_column fusion-builder-column-4 fusion_builder_column_1_1 1_1 fusion-one-full fusion-column-first fusion-column-last\" style=\"margin-top:0px;margin-bottom:50px;\"><div class=\"fusion-column-wrapper fusion-flex-column-wrapper-legacy\" style=\"background-position:left top;background-repeat:no-repeat;-webkit-background-size:cover;-moz-background-size:cover;-o-background-size:cover;background-size:cover;padding: 0% 15% 0% 15%;\"><div class=\"fusion-clearfix\"><\/div><\/div><\/div><\/div><\/div><div class=\"fusion-fullwidth fullwidth-box fusion-builder-row-2 nonhundred-percent-fullwidth non-hundred-percent-height-scrolling\" style=\"background-color: #212326;background-position: left top;background-repeat: no-repeat;padding-top:160px;padding-right:0px;padding-bottom:100px;padding-left:0px;margin-bottom: 0px;margin-top: 0px;border-width: 0px 0px 0px 0px;border-color:#eae9e9;border-style:solid;\" ><div class=\"fusion-builder-row fusion-row\"><div class=\"fusion-layout-column fusion_builder_column fusion-builder-column-5 fusion_builder_column_1_2 1_2 fusion-one-half fusion-column-first\" style=\"width:48%; margin-right: 4%;margin-top:0px;margin-bottom:50px;\"><div class=\"fusion-column-wrapper fusion-flex-column-wrapper-legacy\" style=\"background-position:left top;background-repeat:no-repeat;-webkit-background-size:cover;-moz-background-size:cover;-o-background-size:cover;background-size:cover;padding: 0% 9% 0% 9%;\"><span class=\" fusion-imageframe imageframe-none imageframe-2 hover-type-none\"><a class=\"fusion-no-lightbox\" href=\"https:\/\/marcela-krotsch.de\/?avada_portfolio=business\" target=\"_self\"><img decoding=\"async\" width=\"1358\" height=\"1873\" src=\"https:\/\/marcela-krotsch.de\/wp-content\/uploads\/2019\/04\/Bild61.jpg\" class=\"img-responsive wp-image-4135\" srcset=\"https:\/\/marcela-krotsch.de\/wp-content\/uploads\/2019\/04\/Bild61-200x276.jpg 200w, https:\/\/marcela-krotsch.de\/wp-content\/uploads\/2019\/04\/Bild61-400x552.jpg 400w, https:\/\/marcela-krotsch.de\/wp-content\/uploads\/2019\/04\/Bild61-600x828.jpg 600w, https:\/\/marcela-krotsch.de\/wp-content\/uploads\/2019\/04\/Bild61-800x1103.jpg 800w, https:\/\/marcela-krotsch.de\/wp-content\/uploads\/2019\/04\/Bild61-1200x1655.jpg 1200w, https:\/\/marcela-krotsch.de\/wp-content\/uploads\/2019\/04\/Bild61.jpg 1358w\" sizes=\"(max-width: 800px) 100vw, 600px\" \/><\/a><\/span><div class=\"fusion-clearfix\"><\/div><\/div><\/div><div class=\"fusion-layout-column fusion_builder_column fusion-builder-column-6 fusion_builder_column_1_2 1_2 fusion-one-half fusion-column-last\" style=\"width:48%;margin-top:0px;margin-bottom:50px;\"><div class=\"fusion-column-wrapper fusion-flex-column-wrapper-legacy\" style=\"background-position:left top;background-repeat:no-repeat;-webkit-background-size:cover;-moz-background-size:cover;-o-background-size:cover;background-size:cover;padding: 0% 9% 0% 9%;\"><div class=\"fusion-text fusion-text-2\"><p>&nbsp;<\/p>\n<p>&nbsp;<\/p>\n<\/div><div class=\"fusion-text fusion-text-3\"><p>&nbsp;<\/p>\n<p>&nbsp;<\/p>\n<\/div><div class=\"fusion-text fusion-text-4\"><p>&nbsp;<\/p>\n<p><strong><em>Die Kreation um uns herum spielt eine au\u00dfergew\u00f6hnliche Rolle und dahinter steht auch eine besondere Absicht.<\/em><\/strong><\/p>\n<\/div><div class=\"fusion-clearfix\"><\/div><\/div><\/div><\/div><\/div><div class=\"fusion-bg-parallax\" data-bg-align=\"center bottom\" data-direction=\"up\" data-mute=\"false\" data-opacity=\"100\" data-velocity=\"-0.3\" data-mobile-enabled=\"false\" data-break_parents=\"0\" data-bg-image=\"https:\/\/marcela-krotsch.de\/wp-content\/uploads\/2017\/10\/Bild1_web_kohle-1024x683.jpg\" data-bg-repeat=\"false\" ><\/div><div class=\"fusion-fullwidth fullwidth-box fusion-builder-row-3 fusion-parallax-up nonhundred-percent-fullwidth non-hundred-percent-height-scrolling\" style=\"background-color: rgba(255,255,255,0);background-image: url(&quot;https:\/\/marcela-krotsch.de\/wp-content\/uploads\/2017\/10\/Bild1_web_kohle-1024x683.jpg&quot;);background-position: center bottom;background-repeat: no-repeat;padding-top:120px;padding-right:0px;padding-bottom:100px;padding-left:0px;margin-bottom: 0px;margin-top: 0px;border-width: 0px 0px 0px 0px;border-color:#eae9e9;border-style:solid;-webkit-background-size:cover;-moz-background-size:cover;-o-background-size:cover;background-size:cover;\" ><div class=\"fusion-builder-row fusion-row\"><div class=\"fusion-layout-column fusion_builder_column fusion-builder-column-7 fusion_builder_column_1_1 1_1 fusion-one-full fusion-column-first fusion-column-last\" style=\"margin-top:0px;margin-bottom:50px;\"><div class=\"fusion-column-wrapper fusion-flex-column-wrapper-legacy\" style=\"background-position:left top;background-repeat:no-repeat;-webkit-background-size:cover;-moz-background-size:cover;-o-background-size:cover;background-size:cover;padding: 0% 15% 0% 15%;\"><div class=\"fusion-clearfix\"><\/div><\/div><\/div><\/div><\/div><div class=\"fusion-fullwidth fullwidth-box fusion-builder-row-4 nonhundred-percent-fullwidth non-hundred-percent-height-scrolling\" style=\"background-color: rgba(255,255,255,0);background-position: left top;background-repeat: no-repeat;padding-top:100px;padding-right:0px;padding-bottom:0px;padding-left:0px;margin-bottom: 0px;margin-top: 0px;border-width: 0px 0px 0px 0px;border-color:#eae9e9;border-style:solid;\" ><div class=\"fusion-builder-row fusion-row\"><\/div><\/div><\/p>\n","protected":false},"excerpt":{"rendered":"","protected":false},"author":4,"featured_media":0,"parent":0,"menu_order":0,"comment_status":"closed","ping_status":"closed","template":"100-width.php","meta":{"ngg_post_thumbnail":0,"footnotes":""},"class_list":["post-980","page","type-page","status-publish","hentry"],"_links":{"self":[{"href":"https:\/\/marcela-krotsch.de\/index.php?rest_route=\/wp\/v2\/pages\/980","targetHints":{"allow":["GET"]}}],"collection":[{"href":"https:\/\/marcela-krotsch.de\/index.php?rest_route=\/wp\/v2\/pages"}],"about":[{"href":"https:\/\/marcela-krotsch.de\/index.php?rest_route=\/wp\/v2\/types\/page"}],"author":[{"embeddable":true,"href":"https:\/\/marcela-krotsch.de\/index.php?rest_route=\/wp\/v2\/users\/4"}],"replies":[{"embeddable":true,"href":"https:\/\/marcela-krotsch.de\/index.php?rest_route=%2Fwp%2Fv2%2Fcomments&post=980"}],"version-history":[{"count":283,"href":"https:\/\/marcela-krotsch.de\/index.php?rest_route=\/wp\/v2\/pages\/980\/revisions"}],"predecessor-version":[{"id":4774,"href":"https:\/\/marcela-krotsch.de\/index.php?rest_route=\/wp\/v2\/pages\/980\/revisions\/4774"}],"wp:attachment":[{"href":"https:\/\/marcela-krotsch.de\/index.php?rest_route=%2Fwp%2Fv2%2Fmedia&parent=980"}],"curies":[{"name":"wp","href":"https:\/\/api.w.org\/{rel}","templated":true}]}}