{"id":1321,"date":"2017-11-06T19:52:47","date_gmt":"2017-11-06T19:52:47","guid":{"rendered":"http:\/\/marcelakrotsch.apps-1and1.net\/?page_id=1321"},"modified":"2018-12-12T20:16:07","modified_gmt":"2018-12-12T20:16:07","slug":"impressum","status":"publish","type":"page","link":"https:\/\/marcela-krotsch.de\/?page_id=1321","title":{"rendered":"Impressum"},"content":{"rendered":"<h2><strong>Impressum<\/strong><\/h2>\n<p>Vertretungsberechtigt: Marcela Krotsch<br \/>\nE-Mail: <a id=\"mInnen3\" href=\"mailto:marcela@marcela-krotsch.de?subject=Impressum - R\u00fcckfrage\">marcela@marcela-krotsch.de<\/a><br \/>\nInternet: <a href=\"https:\/\/www.marcela-krotsch.de\" target=\"_blank\" rel=\"noopener\">marcela-krotsch.de<\/a><br \/>\nTelefon: 0049 0151 62524574<\/p>\n<p>Inhaltlich Verantwortlicher gem\u00e4\u00df \u00a7 6 MDStV:<br \/>\nMarcela Krotsch<br \/>\nSteuernummer 145\/152\/41257<\/p>\n<p><strong>Fotografien:<\/strong><br \/>\n<a href=\"http:\/\/www.christine-reiner.de\/de\/index.html\" target=\"_blank\" rel=\"noopener\">Christine Reiner<\/a><br \/>\nMarcela Krotsch<\/p>\n<p><strong>Haftungshinweis:<\/strong><br \/>\nTrotz sorgf\u00e4ltiger inhaltlicher Kontrolle \u00fcbernehmen wir keine Haftung f\u00fcr die Inhalte externer Links. F\u00fcr den Inhalt der verlinkten Seiten sind ausschlie\u00dflich deren Betreiber verantwortlich.<\/p>\n<p><strong>Datenschutzerkl\u00e4rung:<\/strong><br \/>\nDie Nutzung dieser Webseite ist ohne Angabe personenbezogener Daten m\u00f6glich. Soweit auf diesen Seiten personenbezogene Daten erhoben werden (Name und Email-Adresse im Kontaktformular und Newsletter), erfolgt dies stets auf freiwilliger Basis. Diese Daten werden einzig zu dem Zweck erhoben, um den gew\u00fcnschten Kontakt herstellen zu k\u00f6nnen, ohne Ihre ausdr\u00fcckliche Zustimmung werden Daten nicht an Dritte weitergegeben.<br \/>\nDie Abmeldung vom Newsletter ist jederzeit m\u00f6glich und kann durch eine Nachricht an die unten beschriebene Kontaktm\u00f6glichkeit erfolgen. Nach Abmeldung l\u00f6sche ich Ihre E-Mail-Adresse, soweit Sie nicht ausdr\u00fccklich in eine weitere Nutzung Ihrer Daten eingewilligt haben.<br \/>\nDiese Internetseite ist durch SSL (Secure Sockets Layer) gesch\u00fctzt. Sie erkennen an dem Pr\u00e4fix &#8222;https:\/\/&#8220;, dass es sich um eine&nbsp;verschl\u00fcsselte Verbindung&nbsp;handelt.&nbsp; Die vom Kontaktformular, Newsletter abgesendeten Nachrichten erreichen mich in Form einer Email, auf andere Art werden diese Daten nicht gespeichert oder verarbeitet. Es wird darauf hingewiesen, dass die Daten\u00fcbertragung im Internet Sicherheitsl\u00fccken aufweisen kann.<\/p>\n<p>Sie haben das Recht, jederzeit Auskunft \u00fcber die zu Ihrer Person gespeicherten Daten zu erhalten. Sowie das Recht auf Berichtigung unrichtiger Daten, oder L\u00f6schung Ihrer personenbezogenen Daten. Ihr Anliegen richten Sie bitte an die Email Adresse: marcela@marcela-krotsch.de<\/p>\n","protected":false},"excerpt":{"rendered":"<p>Impressum Vertretungsberechtigt: Marcela Krotsch E-Mail: marcela@marcela-krotsch.de Internet: marcela-krotsch.de Telefon: 0049 0151 62524574 Inhaltlich Verantwortlicher gem\u00e4\u00df \u00a7 6 MDStV: Marcela Krotsch Steuernummer 145\/152\/41257 Fotografien: Christine Reiner Marcela Krotsch Haftungshinweis: Trotz sorgf\u00e4ltiger inhaltlicher Kontrolle \u00fcbernehmen wir keine Haftung f\u00fcr die Inhalte externer Links. F\u00fcr den Inhalt der verlinkten Seiten sind ausschlie\u00dflich deren Betreiber verantwortlich. Datenschutzerkl\u00e4rung: Die Nutzung dieser Webseite ist ohne Angabe personenbezogener Daten m\u00f6glich. Soweit auf [&hellip;]<\/p>\n","protected":false},"author":4,"featured_media":0,"parent":0,"menu_order":0,"comment_status":"closed","ping_status":"closed","template":"100-width.php","meta":{"ngg_post_thumbnail":0,"footnotes":""},"class_list":["post-1321","page","type-page","status-publish","hentry"],"_links":{"self":[{"href":"https:\/\/marcela-krotsch.de\/index.php?rest_route=\/wp\/v2\/pages\/1321","targetHints":{"allow":["GET"]}}],"collection":[{"href":"https:\/\/marcela-krotsch.de\/index.php?rest_route=\/wp\/v2\/pages"}],"about":[{"href":"https:\/\/marcela-krotsch.de\/index.php?rest_route=\/wp\/v2\/types\/page"}],"author":[{"embeddable":true,"href":"https:\/\/marcela-krotsch.de\/index.php?rest_route=\/wp\/v2\/users\/4"}],"replies":[{"embeddable":true,"href":"https:\/\/marcela-krotsch.de\/index.php?rest_route=%2Fwp%2Fv2%2Fcomments&post=1321"}],"version-history":[{"count":28,"href":"https:\/\/marcela-krotsch.de\/index.php?rest_route=\/wp\/v2\/pages\/1321\/revisions"}],"predecessor-version":[{"id":3862,"href":"https:\/\/marcela-krotsch.de\/index.php?rest_route=\/wp\/v2\/pages\/1321\/revisions\/3862"}],"wp:attachment":[{"href":"https:\/\/marcela-krotsch.de\/index.php?rest_route=%2Fwp%2Fv2%2Fmedia&parent=1321"}],"curies":[{"name":"wp","href":"https:\/\/api.w.org\/{rel}","templated":true}]}}